{"id":1917,"date":"2026-02-21T16:51:40","date_gmt":"2026-02-21T15:51:40","guid":{"rendered":"https:\/\/sts.wissen-macht-spass.net\/?page_id=1917"},"modified":"2026-03-15T22:13:47","modified_gmt":"2026-03-15T21:13:47","slug":"fake-news-detectives","status":"publish","type":"page","link":"https:\/\/sts.wissen-macht-spass.net\/?page_id=1917","title":{"rendered":"Fake News Detectives"},"content":{"rendered":"\n<h2 class=\"wp-block-heading has-text-align-center\"><strong>Kann das denn wahr sein?<\/strong><\/h2>\n\n\n\n<div class=\"wp-block-columns is-layout-flex wp-container-core-columns-is-layout-8f761849 wp-block-columns-is-layout-flex\">\n<div class=\"wp-block-column is-layout-flow wp-block-column-is-layout-flow\">\n<figure class=\"wp-block-image size-large\"><img loading=\"lazy\" decoding=\"async\" width=\"1024\" height=\"998\" src=\"https:\/\/sts.wissen-macht-spass.net\/wp-content\/uploads\/2026\/02\/Neuer-genetischer-Erfolg-Koelner-Abendblatt-1-e1771689250930-1024x998.jpg\" alt=\"\" class=\"wp-image-1918\" srcset=\"https:\/\/sts.wissen-macht-spass.net\/wp-content\/uploads\/2026\/02\/Neuer-genetischer-Erfolg-Koelner-Abendblatt-1-e1771689250930-1024x998.jpg 1024w, https:\/\/sts.wissen-macht-spass.net\/wp-content\/uploads\/2026\/02\/Neuer-genetischer-Erfolg-Koelner-Abendblatt-1-e1771689250930-300x292.jpg 300w, https:\/\/sts.wissen-macht-spass.net\/wp-content\/uploads\/2026\/02\/Neuer-genetischer-Erfolg-Koelner-Abendblatt-1-e1771689250930-768x748.jpg 768w, https:\/\/sts.wissen-macht-spass.net\/wp-content\/uploads\/2026\/02\/Neuer-genetischer-Erfolg-Koelner-Abendblatt-1-e1771689250930-1536x1497.jpg 1536w, https:\/\/sts.wissen-macht-spass.net\/wp-content\/uploads\/2026\/02\/Neuer-genetischer-Erfolg-Koelner-Abendblatt-1-e1771689250930.jpg 1683w\" sizes=\"auto, (max-width: 1024px) 100vw, 1024px\" \/><\/figure>\n<\/div>\n\n\n\n<div class=\"wp-block-column is-layout-flow wp-block-column-is-layout-flow\">\n<figure class=\"wp-block-image size-large\"><img loading=\"lazy\" decoding=\"async\" width=\"1024\" height=\"762\" src=\"https:\/\/sts.wissen-macht-spass.net\/wp-content\/uploads\/2026\/02\/Bunter-Eukalyptus-ausserhalb-von-Australien-aufgetaucht-1-e1771706310358-1024x762.jpg\" alt=\"\" class=\"wp-image-1919\" srcset=\"https:\/\/sts.wissen-macht-spass.net\/wp-content\/uploads\/2026\/02\/Bunter-Eukalyptus-ausserhalb-von-Australien-aufgetaucht-1-e1771706310358-1024x762.jpg 1024w, https:\/\/sts.wissen-macht-spass.net\/wp-content\/uploads\/2026\/02\/Bunter-Eukalyptus-ausserhalb-von-Australien-aufgetaucht-1-e1771706310358-300x223.jpg 300w, https:\/\/sts.wissen-macht-spass.net\/wp-content\/uploads\/2026\/02\/Bunter-Eukalyptus-ausserhalb-von-Australien-aufgetaucht-1-e1771706310358-768x572.jpg 768w, https:\/\/sts.wissen-macht-spass.net\/wp-content\/uploads\/2026\/02\/Bunter-Eukalyptus-ausserhalb-von-Australien-aufgetaucht-1-e1771706310358.jpg 1190w\" sizes=\"auto, (max-width: 1024px) 100vw, 1024px\" \/><\/figure>\n<\/div>\n<\/div>\n\n\n\n<div class=\"wp-block-columns is-layout-flex wp-container-core-columns-is-layout-8f761849 wp-block-columns-is-layout-flex\">\n<div class=\"wp-block-column is-layout-flow wp-block-column-is-layout-flow\">\n<h3 class=\"wp-block-heading\">Das fragen wir uns alle: Immer neue Informationen, im Internet, in den &#8222;sozialen&#8220; Medien, aber auch in der Presse oder im Fernsehen.<\/h3>\n\n\n\n<h3 class=\"wp-block-heading\">&#8222;Fake News&#8220; nennt man Nachrichten, die nicht deswegen falsch sind, weil der Absender sich geirrt hat, sondern weil er \/ sie uns t\u00e4uschen wollte. Vielleicht, um uns um Geld zu betr\u00fcgen, vielleicht um unsere Meinung zu manipulieren.<\/h3>\n\n\n\n<h3 class=\"wp-block-heading\">In &#8222;Fake News Detectives&#8220; lernen <strong>ALLE <\/strong>von 9 bis 104 Jahren, wie man Fake News aufsp\u00fcrt und gef\u00e4lschte Nachrichten \u00fcberf\u00fchrt.<\/h3>\n\n\n\n<h3 class=\"wp-block-heading\">Am Donnerstag-Nachmittag treffen wir uns in der <a href=\"http:\/\/www.berlin.de\/stadtbibliothek-mitte\/bibliotheken\/bibliothek-tiergarten-sued\/\" target=\"_blank\" rel=\"noreferrer noopener\">Bibliothek Tiergarten S\u00fcd <\/a>und sp\u00fcren von jeweils 15 bis 18 Uhr den Betr\u00fcgereien und L\u00fcgen nach.<\/h3>\n\n\n\n<h3 class=\"wp-block-heading\">Was muss man mitbringen? Nichts au\u00dfer dem Spa\u00df daran, Fake News zu entlarven.<\/h3>\n\n\n\n<h3 class=\"wp-block-heading\">Durch eine F\u00f6rderung der EU und des Landes Berlin (<strong><a href=\"https:\/\/www.berlin.de\/sen\/stadtentwicklung\/quartiersentwicklung\/programme\/europa-im-quartier-eq\/artikel.1593887.php\" target=\"_blank\" rel=\"noreferrer noopener\">Europa im Quartier<\/a><\/strong>) ist der Workshop kostenlos.<\/h3>\n<\/div>\n<\/div>\n\n\n\n<h2 class=\"wp-block-heading\">Und <strong><a href=\"https:\/\/sts.wissen-macht-spass.net\/?page_id=1928\" data-type=\"page\" data-id=\"1928\">hier<\/a><\/strong> kann man sich anmelden.<\/h2>\n","protected":false},"excerpt":{"rendered":"<p>Kann das denn wahr sein? Das fragen wir uns alle: Immer neue Informationen, im Internet, in den &#8222;sozialen&#8220; Medien, aber auch in der Presse oder im Fernsehen. &#8222;Fake News&#8220; nennt man Nachrichten, die nicht deswegen falsch sind, weil der Absender sich geirrt hat, sondern weil er \/ sie uns t\u00e4uschen wollte. Vielleicht, um uns um&hellip;<\/p>\n<p class=\"more-link\"><a href=\"https:\/\/sts.wissen-macht-spass.net\/?page_id=1917\" class=\"themebutton\">Read More<\/a><\/p>\n","protected":false},"author":1,"featured_media":0,"parent":0,"menu_order":0,"comment_status":"closed","ping_status":"closed","template":"","meta":{"_crdt_document":"","footnotes":""},"class_list":["post-1917","page","type-page","status-publish","hentry"],"_links":{"self":[{"href":"https:\/\/sts.wissen-macht-spass.net\/index.php?rest_route=\/wp\/v2\/pages\/1917","targetHints":{"allow":["GET"]}}],"collection":[{"href":"https:\/\/sts.wissen-macht-spass.net\/index.php?rest_route=\/wp\/v2\/pages"}],"about":[{"href":"https:\/\/sts.wissen-macht-spass.net\/index.php?rest_route=\/wp\/v2\/types\/page"}],"author":[{"embeddable":true,"href":"https:\/\/sts.wissen-macht-spass.net\/index.php?rest_route=\/wp\/v2\/users\/1"}],"replies":[{"embeddable":true,"href":"https:\/\/sts.wissen-macht-spass.net\/index.php?rest_route=%2Fwp%2Fv2%2Fcomments&post=1917"}],"version-history":[{"count":10,"href":"https:\/\/sts.wissen-macht-spass.net\/index.php?rest_route=\/wp\/v2\/pages\/1917\/revisions"}],"predecessor-version":[{"id":2004,"href":"https:\/\/sts.wissen-macht-spass.net\/index.php?rest_route=\/wp\/v2\/pages\/1917\/revisions\/2004"}],"wp:attachment":[{"href":"https:\/\/sts.wissen-macht-spass.net\/index.php?rest_route=%2Fwp%2Fv2%2Fmedia&parent=1917"}],"curies":[{"name":"wp","href":"https:\/\/api.w.org\/{rel}","templated":true}]}}